{"id":80,"date":"2020-05-24T22:01:15","date_gmt":"2020-05-24T20:01:15","guid":{"rendered":"https:\/\/keingipfel.noblogs.org\/?page_id=80"},"modified":"2020-06-06T11:54:18","modified_gmt":"2020-06-06T09:54:18","slug":"aufruf","status":"publish","type":"page","link":"https:\/\/keingipfel.noblogs.org\/fr\/aufruf\/","title":{"rendered":"Call"},"content":{"rendered":"<p><span style=\"color: red\">The summit has been postponed. Find more info here: <a href=\"https:\/\/keingipfel.noblogs.org\/post\/2020\/06\/06\/gipfel-verschoben\/\">Summit postponed!<\/a><\/span><\/p>\n<h1>Contre le sommet UE-Chine \u00e0 Leipzig<\/h1>\n<p>Du 13 au 15 septembre, les chefs de gouvernement de tous les pays europ\u00e9ens rencontreront le gouvernement chinois \u00e0 Leipzig. Il ne s\u2019agira pas seulement d\u2019intensifier les relations commerciales. Mais aussi de construire un nouveau partenariat mondial afin que l\u2019UE ne soit pas \u00e9cart\u00e9e de la table des grandes puissances \u00e0 l\u2019avenir. La d\u00e9t\u00e9rioration des relations de l\u2019UE avec les \u00c9tats-Unis sous Donald Trump a rendu n\u00e9cessaire la recherche d\u2019un autre partenaire pour coordonner la d\u00e9finition des int\u00e9r\u00eats mondiaux de l\u2019UE avec les \u00c9tats-Unis. Les th\u00e8mes du sommet ne sont donc pas seulement les relations \u00e9conomiques, mais aussi la politique \u00e9trang\u00e8re et s\u00e9curitaire, \u00abce qui n\u2019est pas surprenant\u00bb, la num\u00e9risation et la coop\u00e9ration num\u00e9rique, ainsi que la protection du climat et les droits humain. L\u2019Agenda strat\u00e9gique pour la coop\u00e9ration \u00e0 d\u00e9buter depuis 2013, et est devenus de plus en plus concrets lors des r\u00e9unions annuelles. Le sommet EU-Chine 2020 est bas\u00e9 sur ces documents de positions strat\u00e9gique de coop\u00e9ration.Cette ann\u00e9e, non seulement des repr\u00e9sentants de la Chine et de l\u2019UE se r\u00e9uniront pour la premi\u00e8re fois, mais aussi tous les chef.fs d\u2019\u00c9tat.<\/p>\n<h2>Coop\u00e9ration \u00c9conomique<\/h2>\n<p>Le point essentiel de l\u2019agenda concerne le futur commerce UE-Chine. La Chine est le plus important partenaire commercial de l\u2019UE apr\u00e8s les \u00c9tats-Unis, et l\u2019UE est le plus important partenaire commercial de la chine. Tous deux partagent des conflits \u00e9conomiques avec les \u00c9tats-Unis, qui sont \u00e0 leur tour le 2eme  partenaire commercial mondial de la chine. Le sommet est donc aussi un \u00e9v\u00e9nement destin\u00e9 \u00e0 faire pression sur les \u00c9tats-Unis et \u00e0 renforcer la position consid\u00e9rablement d\u00e9t\u00e9rior\u00e9e de l\u2019UE et de la Chine avec les \u00c9tats-Unis.<br \/>\nLes nouvelles relations commerciales devraient se traduire par l\u2019ouverture r\u00e9ciproque de nouveaux march\u00e9s, ainsi que par les efforts de l\u2019UE pour renforcer et faire progresser la position de la Chine au sein de l\u2019OMC ( Organisation Mondiale du Commerce). En effet les relations de la Chine avec l\u2019OMC ne sont pas exemptes de conflits : les \u00c9tats-Unis en particulier, utilisent \u00e0 plusieurs reprises des r\u00e9f\u00e9rences aux droits Humain pour affaiblir la position de la Chine au sein de l\u2019OMC et pour imposer des conditions visant \u00e0 contraindre la Chine \u00e0 s\u2019adapter aux conditions de production am\u00e9ricaines. Le contexte est celui des d\u00e9savantages concurrentiels dont souffrent les \u00c9tats-Unis et dans une certaine mesure l\u2019UE en raison des lois sur la s\u00e9curit\u00e9 et la sant\u00e9 au travail et de l\u2019existence de syndicats (bien que faibles). Afin de renforcer la position de la Chine sans n\u00e9cessiter de v\u00e9ritable ajustement, un groupe de travail UE-Chine ax\u00e9 sur l\u2019OMC a \u00e9t\u00e9 cr\u00e9\u00e9 en 2018. Comme le d\u00e9mant\u00e8lement et l\u2019assouplissement des droits des travailleur.es progressent aussi en Europe, il est clair que la coop\u00e9ration UE-Chine n\u2019a pas pour but d\u2019am\u00e9liorer les conditions de travail en Chine. La coop\u00e9ration de l\u2019Europe avec la Chine est donc une attaque directe contre les plus petits efforts de r\u00e9forme en Chine et contre les conditions de travail en Europe.<\/p>\n<h2>Politique \u00e9trang\u00e8re et s\u00e9curitaire<\/h2>\n<p>Un autre point central de la r\u00e9union sera la coordination d\u2019une politique \u00e9trang\u00e8re et de s\u00e9curit\u00e9 commune. L\u00e0 encore il est apparu clairement que les \u00c9tats-Unis ne sont pas un partenaire fiable pour l\u2019Europe de mani\u00e8re inconditionnelle. Afin de ne pas d\u00e9pendre de la coop\u00e9ration militaire avec les \u00c9tats-Unis, les int\u00e9r\u00eats europ\u00e9ens devraient \u00e0 l\u2019avenir \u00eatre poursuivis en coop\u00e9ration avec la Chine. L\u2019un des objectifs ici est d\u2019intensifier la coop\u00e9ration militaire en Afrique. La Chine et l\u2019UE sont toutes les deux en train de poursuivre la colonisation du continent africain. Outre la pr\u00e9servation des terres rares en tant que ressources, l\u2019objectif est \u00e9galement d\u2019\u00e9tablir leurs propres installations de production dans les pays africains. D\u2019une part cela permet de minimiser les co\u00fbts europ\u00e9ens pour les grandes entreprises europ\u00e9ennes qui veulent produire sans les conditions europ\u00e9ennes de s\u00e9curit\u00e9 et de droits au travail, et d\u2019autre part, cela permet aux entreprises chinoises d\u2019exploiter les infrastructures n\u00e9cessaires en Afrique. Le d\u00e9veloppement des infrastructures et l\u2019externalisation de la production ont pour cons\u00e9quence un int\u00e9r\u00eat commun \u00e0 mener des actions militaires, en cas de besoin contre tous les groupes arm\u00e9s pouvant menacer leurs int\u00e9r\u00eats propre.<br \/>\nEn outre, la protection contre la \u00abpiraterie\u00bb, comme dans la Corne de l\u2019Afrique et le golfe d\u2019Aden joue un r\u00f4le central dans la s\u00e9curisation des voies de transport \u00e9conomiques du pays.<br \/>\nMais il y a plus que cela. Dans la pr\u00e9paration du sommet, par exemple, l\u2019UE salue express\u00e9ment le soutien de la Chine dans le conflit avec l\u2019Iran sur l\u2019enrichissement de l\u00b4uranium, en m\u00eame temps qu\u2019elle indique son soutien \u00e0 la Chine dans le conflits et les probl\u00e8mes en Asie, ainsi que la d\u00e9claration d\u2019intention de travailler ensemble pour la paix dans le monde en g\u00e9n\u00e9ral. Ce que cela signifie est illustr\u00e9 par un autre exemple mentionn\u00e9 dans la pr\u00e9paration. L\u2019Afghanistan est mentionn\u00e9 comme un projet r\u00e9ussi d\u2019engagement international en faveur de la paix, mais quiconque se penche sur les cons\u00e9quences d\u2019une telle intervention peut constater ici que cette paix n\u2019a \u00e9t\u00e9 que propagande. En faite les \u00c9tats-Unis et l\u2019Europe ont laiss\u00e9 derri\u00e8re eux une r\u00e9gion profond\u00e9ment marqu\u00e9e par la violence, qui se trouve \u00e0 pr\u00e9sent largement sous la tyrannie des Talibans.<\/p>\n<h2>Num\u00e9risation et Cybertechnologie<\/h2>\n<p>L\u2019UE et la Chine collaborant d\u00e9j\u00e0 dans le domaine de la num\u00e9risation et des cybertechnologies. Il ne s\u2019agit pas seulement de l\u2019implication des entreprises chinoises sur le march\u00e9 europ\u00e9en, comme Huawei dans l\u2019introduction du r\u00e9seau 5G, mais aussi de l\u2019\u00e9change de contenu. A cette fin, la cyberforce UE-Chine se r\u00e9unit chaque ann\u00e9e. Le document pr\u00e9paratoire de l\u2019UE montre clairement de quoi il s\u2019agit. Il indique que \u00abla cyberforce UE-Chine offre la possibilit\u00e9 d\u2019\u00e9changer des points de vue dans des domaines tels que la structure et la strat\u00e9gie du gouvernement, les normes de bonne gouvernance dans le cyberespace et les mesures de confiance dans le cybersespace\u00bb.<br \/>\nCe que \u00abl\u2019\u00e9change de points de vue dans le domaine de la structure et la strat\u00e9gie gouvernementale\u00bb sugg\u00e8re ce sont des discussions sur les projets chinois concernant le SocialCreditsSystem, dans le cadre duquel le gouvernement chinois non seulement surveille en permanence tous.tes les habitant.es de la Chine, mais aussi r\u00e9compense les comportements socialement souhaitables par un contr\u00f4le social g\u00e9n\u00e9ral et sanctionne les comportements d\u00e9viants. Tout \u00e9change comme il est dit ne peut-\u00eatre que r\u00e9ciproque, dans la mesure ou l\u2019UE peut regarder et \u00e9couter ce qui se passe d\u00e9j\u00e0 en chine. L\u2019UE est loin derri\u00e8re en mati\u00e8re de num\u00e9risation et de cybertechnologie. C\u2019est l\u2019une des raisons pour lesquelles il existe un int\u00e9r\u00eat pour une coop\u00e9ration plus intensive avec la Chine, qui peut revendiquer une position de premier plan dans le domaine de la technologie explicite pour contr\u00f4ler techniquement les gens et guider leurs comportements.<\/p>\n<h2>Protection du climat et droits Humain<\/h2>\n<p>La protection du Climat et les droits Humain sont aussi \u00e0 l\u2019ordre du jour du sommet UE-China. Cependant, ces deux points ne sont pas des d\u00e9chets de papier, ils servent tous deux \u00e0 dissimuler les intentions r\u00e9elles dans les m\u00e9dias.<br \/>\nDu point de vue de l\u2019UE, la pr\u00e9tention au respect des droits Humain est ridicule, ne serait-ce que parce que l\u2019UE elle-m\u00eame fait actuellement avancer massivement le d\u00e9mant\u00e8lement des droits humain, comme on peut le voir dans la mani\u00e8re dont elle traite actuellement les r\u00e9fugi\u00e9.es aux fronti\u00e8res ext\u00e9rieures de l\u2019UE ou dans les camps de demandeur.ses d\u2019asile, sans parler des injustices du pass\u00e9, ainsi que de la restriction autoritaire de presque tous les droits et libert\u00e9s fondamentaux dans le contexte de la pand\u00e9mie de Corona. Pour la Chine, en revanche il n\u2019y a aucune raison d\u2019\u00eatre sermonn\u00e9 par l\u2019Union europ\u00e9enne. Le succ\u00e8s de l\u2019\u00e9conomie chinoise est parfaitement li\u00e9 aux conditions de production explosives et hostiles qui permettent d\u2019exporter des marchandises dans le monde entier \u00e0 des prix d\u00e9fiant toute concurrence. Les nouvelles r\u00e9glementations concernant la protection du climat ou par exemple l\u2019obligation pour les entreprises de veiller \u00e0 ce que les diff\u00e9rents fournisseurs de biens respectent \u00e9galement les droits humain ont \u00e9t\u00e9 les premiers \u00e0 \u00eatre rappel\u00e9s dans le cas de la pand\u00e9mie de Corona.<\/p>\n<h2>Le sommet de Leipzig<\/h2>\n<p>Vouloir tenir le sommet \u00e0 Leipzig \u00e9quivaut \u00e0 un geste de domination de la part du gouvernement allemand, qui apr\u00e8s le sommet du G20 \u00e0 Hambourg veut montrer qu\u2019il est possible de tenir un sommet m\u00eame s\u2019il se tient dans une ville qui a la r\u00e9putation d\u2019\u00eatre un \u00abbastion de la gauche\u00bb. Pour le gouvernement du Land de la Saxe, dirig\u00e9 par le premier ministre Kretschmer et le maire de Leipzig Jung, il s\u2019agit simplement de relancer les sites \u00e9conomiques de la Saxe et de Leipzig, ainsi que d\u2019\u00e9tendre l\u2019appareil de s\u00e9curit\u00e9 de la police gr\u00e2ce \u00e0 des ressources f\u00e9d\u00e9rales. L\u2019extension des sites \u00e9conomiques s\u2019accompagne de la vente au rabais des villes, des communaut\u00e9s, des espaces ouverts et des logements, ce qui entra\u00eene d\u00e9j\u00e0 un d\u00e9placement persistant dans les grandes villes, y compris la d\u00e9composition des relations sociales et de la vie des individus, en particulier des plus pauvres, qui en d\u00e9coule, ainsi que l\u2019afflux continu des plus riches dans les grandes villes. Pour \u00e9viter l\u2019\u00b4\u00e9volution des classe inf\u00e9rieurs, l\u2019appareil de s\u00e9curit\u00e9 est de plus en plus \u00e9tendu. Le sommet en tant qu\u2019\u00e9v\u00e9nement en est le symbole.En plus des points mentionn\u00e9s ci-dessous qui justifient une attaque du sommet par toutes les parties du monde, cela a une autre signification locale. Le minist\u00e8re de l\u2019int\u00e9rieur de la Saxe justifie la tenue du sommet: \u00abEn particulier \u00e0 une \u00e9poque ou presque tous les \u00e9v\u00e9nements sont annul\u00e9s ou report\u00e9s aux semaines et mois \u00e0 venir et o\u00f9 les entreprises des secteurs touristique, h\u00f4telier, des foires commerciales, etc. sont particuli\u00e8rement touch\u00e9es, le gouvernement de l\u2019\u00c9tat consid\u00e8re que c\u2019est un bon signe de tenir ce type d\u2019\u00e9v\u00e9nement. En tant que ville de foires et de salons, Leipzig a l\u2019habitude et l\u2019exp\u00e9rience de l\u2019organisation de r\u00e9unions et d\u2019\u00e9v\u00e9nements internationaux et de haut niveau. A cet \u00e9gard le gouvernement a toute confiance dans le gouvernement f\u00e9d\u00e9ral pour prendre suffisamment en compte les int\u00e9r\u00eats de la soci\u00e9t\u00e9 Leipzigoise lors du choix des lieux des \u00e9v\u00e9nementiels\u00bb.<\/p>\n<h2>Non au sommet!<\/h2>\n<p>Plus que toute autre chose, le sommet UE-China signifie une nouvelle escalade de la lutte descendante. La pauvret\u00e9 et la richesse doivent \u00eatre davantage redistribu\u00e9es. Nous n\u2019allons pas rester les bras crois\u00e9s sans rien faire pendant ce temps, mais attaquer et combattre le sommet du mieux que nous pouvons. Malgr\u00e9 un temps de pr\u00e9paration court, malgr\u00e9 la pand\u00e9mie de Corona et toute l\u2019\u00e9troitesse qu\u2019elle entra\u00eene: <\/p>\n<p><strong>Nous vous invitons tous.tes \u00e0 venir \u00e0 Leipzig du 13 au 15 septembre et \u00e0 vous joindre \u00e0 nous pour attaquer le sommet! Pas de repos pour les dirigeant.es, ni ici \u00e0 Leipzig, ni ailleurs! Non au sommet UE-Chine!<\/strong><\/p>\n","protected":false},"excerpt":{"rendered":"<p>The summit has been postponed. Find more info here: Summit postponed! Contre le sommet UE-Chine \u00e0 Leipzig Du 13 au 15 septembre, les chefs de gouvernement de tous les pays europ\u00e9ens rencontreront le gouvernement chinois \u00e0 Leipzig. Il ne s\u2019agira pas seulement d\u2019intensifier les relations commerciales. Mais aussi de construire un nouveau partenariat mondial afin &hellip; <\/p>\n<p class=\"link-more\"><a href=\"https:\/\/keingipfel.noblogs.org\/fr\/aufruf\/\" class=\"more-link\">Continuer la lecture<span class=\"screen-reader-text\"> de &laquo;&nbsp;Call&nbsp;&raquo;<\/span><\/a><\/p>\n","protected":false},"author":15233,"featured_media":0,"parent":0,"menu_order":0,"comment_status":"closed","ping_status":"closed","template":"","meta":{"_locale":"fr_FR","_original_post":"6","footnotes":""},"class_list":["post-80","page","type-page","status-publish","hentry","fr-FR"],"_links":{"self":[{"href":"https:\/\/keingipfel.noblogs.org\/wp-json\/wp\/v2\/pages\/80","targetHints":{"allow":["GET"]}}],"collection":[{"href":"https:\/\/keingipfel.noblogs.org\/wp-json\/wp\/v2\/pages"}],"about":[{"href":"https:\/\/keingipfel.noblogs.org\/wp-json\/wp\/v2\/types\/page"}],"author":[{"embeddable":true,"href":"https:\/\/keingipfel.noblogs.org\/wp-json\/wp\/v2\/users\/15233"}],"replies":[{"embeddable":true,"href":"https:\/\/keingipfel.noblogs.org\/wp-json\/wp\/v2\/comments?post=80"}],"version-history":[{"count":2,"href":"https:\/\/keingipfel.noblogs.org\/wp-json\/wp\/v2\/pages\/80\/revisions"}],"predecessor-version":[{"id":123,"href":"https:\/\/keingipfel.noblogs.org\/wp-json\/wp\/v2\/pages\/80\/revisions\/123"}],"wp:attachment":[{"href":"https:\/\/keingipfel.noblogs.org\/wp-json\/wp\/v2\/media?parent=80"}],"curies":[{"name":"wp","href":"https:\/\/api.w.org\/{rel}","templated":true}]}}